{"id":18,"date":"2018-06-06T19:03:30","date_gmt":"2018-06-06T19:03:30","guid":{"rendered":"http:\/\/altway.eu\/sk\/?page_id=18"},"modified":"2024-12-31T12:16:58","modified_gmt":"2024-12-31T12:16:58","slug":"kontakt","status":"publish","type":"page","link":"https:\/\/altway.eu\/sk\/kontakt\/","title":{"rendered":"ALTWAY, s.r.o. \u2013 produk\u010dn\u00e1 spolo\u010dnos\u0165"},"content":{"rendered":"<div class=\"entry-content\">\n<p>Spolo\u010dnos\u0165 je zap\u00edsan\u00e1 v Obchodnom registri Mestsk\u00e9ho s\u00fadu Ko\u0161ice., oddiel: Sro, vlo\u017eka 28346\/V.<\/p>\n<p><strong>S\u00cdDLO SPOLO\u010cNOSTI:<\/strong><br \/>\nH\u00e1j 36<br \/>\nH\u00e1j 044 02<br \/>\nSlovensk\u00e1 republika<\/p>\n<p><strong>I\u010cO:<\/strong> 46 332 189<br \/>\n<strong>DI\u010c:<\/strong> 2023333004<br \/>\n<strong>BANKOV\u00c9 SPOJENIE (IBAN):<\/strong> SK83 0200 0000 0029 3697 0855 (V\u00daB, a. s.)<\/p>\n<p><strong>NIE SME PLATCAMI DPH.<\/strong><\/p>\n<p>S\u00eddlo spolo\u010dnosti prim\u00e1rne nesl\u00fa\u017ei na stretnutia s klientmi. V komunik\u00e1cii preferujeme mail, telef\u00f3n a osobn\u00e9 stretnutie kdeko\u013evek na Slovensku (naj\u010dastej\u0161ie sme v Ko\u0161iciach).<\/p>\n<\/div>\n","protected":false},"excerpt":{"rendered":"<p>Spolo\u010dnos\u0165 je zap\u00edsan\u00e1 v Obchodnom registri Mestsk\u00e9ho s\u00fadu Ko\u0161ice., oddiel: Sro, vlo\u017eka 28346\/V. S\u00cdDLO SPOLO\u010cNOSTI: H\u00e1j 36 H\u00e1j 044 02 Slovensk\u00e1 republika I\u010cO: 46 332 189 DI\u010c: 2023333004 BANKOV\u00c9 SPOJENIE (IBAN): SK83 0200 0000 0029 3697 0855 (V\u00daB, a. s.) NIE SME PLATCAMI DPH. S\u00eddlo spolo\u010dnosti prim\u00e1rne nesl\u00fa\u017ei na stretnutia s klientmi. V komunik\u00e1cii preferujeme [&hellip;]<\/p>\n","protected":false},"author":1,"featured_media":0,"parent":0,"menu_order":0,"comment_status":"closed","ping_status":"closed","template":"","meta":{"_et_pb_use_builder":"","_et_pb_old_content":"","_et_gb_content_width":""},"_links":{"self":[{"href":"https:\/\/altway.eu\/sk\/wp-json\/wp\/v2\/pages\/18"}],"collection":[{"href":"https:\/\/altway.eu\/sk\/wp-json\/wp\/v2\/pages"}],"about":[{"href":"https:\/\/altway.eu\/sk\/wp-json\/wp\/v2\/types\/page"}],"author":[{"embeddable":true,"href":"https:\/\/altway.eu\/sk\/wp-json\/wp\/v2\/users\/1"}],"replies":[{"embeddable":true,"href":"https:\/\/altway.eu\/sk\/wp-json\/wp\/v2\/comments?post=18"}],"version-history":[{"count":6,"href":"https:\/\/altway.eu\/sk\/wp-json\/wp\/v2\/pages\/18\/revisions"}],"predecessor-version":[{"id":125,"href":"https:\/\/altway.eu\/sk\/wp-json\/wp\/v2\/pages\/18\/revisions\/125"}],"wp:attachment":[{"href":"https:\/\/altway.eu\/sk\/wp-json\/wp\/v2\/media?parent=18"}],"curies":[{"name":"wp","href":"https:\/\/api.w.org\/{rel}","templated":true}]}}