{"id":16,"date":"2018-06-06T19:02:41","date_gmt":"2018-06-06T19:02:41","guid":{"rendered":"http:\/\/altway.eu\/sk\/?page_id=16"},"modified":"2023-10-11T10:50:11","modified_gmt":"2023-10-11T10:50:11","slug":"portfolio","status":"publish","type":"page","link":"https:\/\/altway.eu\/sk\/portfolio\/","title":{"rendered":"PORTF\u00d3LIO"},"content":{"rendered":"<p>[et_pb_section fb_built=&#8221;1&#8243; _builder_version=&#8221;4.16&#8243; global_colors_info=&#8221;{}&#8221;][et_pb_row _builder_version=&#8221;4.16&#8243; global_colors_info=&#8221;{}&#8221;][et_pb_column type=&#8221;4_4&#8243; _builder_version=&#8221;4.16&#8243; global_colors_info=&#8221;{}&#8221;][et_pb_text _builder_version=&#8221;4.16&#8243; global_colors_info=&#8221;{}&#8221;]<\/p>\n<h1>PREZENT\u00c1CIA NA\u0160ICH PR\u00c1C<\/h1>\n<p>[\/et_pb_text][\/et_pb_column][\/et_pb_row][et_pb_row _builder_version=&#8221;4.16&#8243; global_colors_info=&#8221;{}&#8221;][et_pb_column type=&#8221;4_4&#8243; _builder_version=&#8221;4.16&#8243; global_colors_info=&#8221;{}&#8221;][et_pb_text _builder_version=&#8221;4.16&#8243; global_colors_info=&#8221;{}&#8221;]<\/p>\n<h3>ALTWAY creative team &#8211; REEL<\/h3>\n<p><a class=\"vp-a\" href=\"https:\/\/www.youtube.com\/watch?v=gFEB1k9i2fA\"><img class=\"vp-img\" src=\"https:\/\/altway.eu\/sk\/wp-content\/uploads\/2022\/05\/reel.jpg\"><\/a>[\/et_pb_text][\/et_pb_column][\/et_pb_row][et_pb_row _builder_version=&#8221;4.22.2&#8243; _module_preset=&#8221;default&#8221; column_structure=&#8221;1_2,1_2&#8243;][et_pb_column _builder_version=&#8221;4.22.2&#8243; _module_preset=&#8221;default&#8221; type=&#8221;1_2&#8243;][et_pb_text _builder_version=&#8221;4.22.2&#8243; _module_preset=&#8221;default&#8221; hover_enabled=&#8221;0&#8243; sticky_enabled=&#8221;0&#8243;]<\/p>\n<h3>Krist\u00edna &#8211; Tancuj<\/h3>\n<a class=\"vp-a\" href=\"https:\/\/www.youtube.com\/watch?v=HFxAdb-bPF0\"><img class=\"vp-img\" src=\"https:\/\/altway.eu\/sk\/wp-content\/uploads\/2023\/10\/kristina_tancuj.jpg\"><\/a>\n<p><strong>\u010co bolo na\u0161ou \u00falohou na tomto projekte:<\/strong><br \/>\n\u2013 r\u00e9\u017eia<br \/>\n\u2013 scen\u00e1r, v\u00fdber lok\u00e1ci\u00ed, v\u00fdzdoba a rekvizity<br \/>\n\u2013 produkcia, kamera, postprodukcia, color grading[\/et_pb_text][\/et_pb_column][et_pb_column _builder_version=&#8221;4.22.2&#8243; _module_preset=&#8221;default&#8221; type=&#8221;1_2&#8243;][et_pb_text _builder_version=&#8221;4.22.2&#8243; _module_preset=&#8221;default&#8221; hover_enabled=&#8221;0&#8243; sticky_enabled=&#8221;0&#8243;]<\/p>\n<h3>Rednex \u2013 Glad Rags Jug<\/h3>\n<a class=\"vp-a\" href=\"https:\/\/www.youtube.com\/watch?v=spuLLbG__Ts\"><img class=\"vp-img\" src=\"https:\/\/altway.eu\/sk\/wp-content\/uploads\/2023\/10\/rednex.jpg\"><\/a>\n<p><strong>\u010co bolo na\u0161ou \u00falohou na tomto projekte:<\/strong><br \/>\n\u2013 r\u00e9\u017eia<br \/>\n\u2013 scen\u00e1r, v\u00fdber hercov a lok\u00e1ci\u00ed, v\u00fdzdoba a rekvizity<br \/>\n\u2013 produkcia, kamera, postprodukcia, color grading[\/et_pb_text][\/et_pb_column][\/et_pb_row][et_pb_row column_structure=&#8221;1_2,1_2&#8243; _builder_version=&#8221;4.16&#8243; global_colors_info=&#8221;{}&#8221;][et_pb_column type=&#8221;1_2&#8243; _builder_version=&#8221;4.16&#8243; global_colors_info=&#8221;{}&#8221;][et_pb_text _builder_version=&#8221;4.16&#8243; global_colors_info=&#8221;{}&#8221;]<\/p>\n<h3>Mercedes &#8211; Michalovce<\/h3>\n<a class=\"vp-a\" href=\"https:\/\/www.youtube.com\/watch?v=SRVHLPWrNwc\"><img class=\"vp-img\" src=\"https:\/\/altway.eu\/sk\/wp-content\/uploads\/2022\/05\/mercedes.jpg\"><\/a>\n<p><strong>\u010co bolo na\u0161ou \u00falohou na tomto projekte:<\/strong><br \/> &#8211; idea, scen\u00e1r<br \/> &#8211; r\u00e9\u017eia, v\u00fdber herca<br \/> &#8211; produkcia, kamera, postprodukcia, color grading<\/p>\n<p>[\/et_pb_text][\/et_pb_column][et_pb_column type=&#8221;1_2&#8243; _builder_version=&#8221;4.16&#8243; global_colors_info=&#8221;{}&#8221;][et_pb_text _builder_version=&#8221;4.16&#8243; global_colors_info=&#8221;{}&#8221;]<\/p>\n<h3>K\u00fapele v Tren\u010dianskom kraji<\/h3>\n<a class=\"vp-a\" href=\"https:\/\/www.youtube.com\/watch?v=FaT56YrO7Fs\"><img class=\"vp-img\" src=\"https:\/\/altway.eu\/sk\/wp-content\/uploads\/2022\/05\/kupele.jpg\"><\/a>\n<p><strong>\u010co bolo na\u0161ou \u00falohou na tomto projekte:<\/strong><br \/> &#8211; idea, scen\u00e1r<br \/> &#8211; r\u00e9\u017eia<br \/> &#8211; kamera, postprodukcia, color grading<\/p>\n<p>[\/et_pb_text][\/et_pb_column][\/et_pb_row][et_pb_row column_structure=&#8221;1_2,1_2&#8243; _builder_version=&#8221;4.16&#8243; global_colors_info=&#8221;{}&#8221;][et_pb_column type=&#8221;1_2&#8243; _builder_version=&#8221;4.16&#8243; global_colors_info=&#8221;{}&#8221;][et_pb_text _builder_version=&#8221;4.16&#8243; global_colors_info=&#8221;{}&#8221;]<\/p>\n<h3>SOS electronic &#8211; Everywhere<\/h3>\n<a class=\"vp-a\" href=\"https:\/\/www.youtube.com\/watch?v=eP9kdEm_BYQ\"><img class=\"vp-img\" src=\"https:\/\/altway.eu\/sk\/wp-content\/uploads\/2022\/05\/sos_everywhere.jpg\"><\/a>\n<p><strong>\u010co bolo na\u0161ou \u00falohou na tomto projekte:<\/strong><br \/> &#8211; idea, scen\u00e1r<br \/> &#8211; r\u00e9\u017eia, produkcia<br \/> &#8211; kamera, postprodukcia, jazykov\u00e9 mut\u00e1cie<\/p>\n<p>[\/et_pb_text][\/et_pb_column][et_pb_column type=&#8221;1_2&#8243; _builder_version=&#8221;4.16&#8243; global_colors_info=&#8221;{}&#8221;][et_pb_text _builder_version=&#8221;4.16&#8243; global_colors_info=&#8221;{}&#8221;]<\/p>\n<h3>Mafia Corner &#8211; Vypic a \u017eic<\/h3>\n<a class=\"vp-a\" href=\"https:\/\/www.youtube.com\/watch?v=P9M-WhdkQ9o\"><img class=\"vp-img\" src=\"https:\/\/altway.eu\/sk\/wp-content\/uploads\/2022\/05\/vypic_a_zic.jpg\"><\/a>\n<p><strong>\u010co bolo na\u0161ou \u00falohou na tomto projekte:<\/strong><br \/> &#8211; scen\u00e1r<br \/> &#8211; r\u00e9\u017eia, kamera<br \/> &#8211; postprodukcia, color grading<\/p>\n<p>[\/et_pb_text][\/et_pb_column][\/et_pb_row][et_pb_row column_structure=&#8221;1_2,1_2&#8243; _builder_version=&#8221;4.16&#8243; global_colors_info=&#8221;{}&#8221;][et_pb_column type=&#8221;1_2&#8243; _builder_version=&#8221;4.16&#8243; global_colors_info=&#8221;{}&#8221;][et_pb_text _builder_version=&#8221;4.16&#8243; global_colors_info=&#8221;{}&#8221;]<\/p>\n<h3>SILKY BIGBOY<\/h3>\n<a class=\"vp-a\" href=\"https:\/\/www.youtube.com\/watch?v=-fu8sv-Wius\"><img class=\"vp-img\" src=\"https:\/\/altway.eu\/sk\/wp-content\/uploads\/2022\/05\/silky_bigboy.jpg\"><\/a>\n<p><strong>\u010co bolo na\u0161ou \u00falohou na tomto projekte:<\/strong><br \/> &#8211; idea, scen\u00e1r<br \/> &#8211; r\u00e9\u017eia, v\u00fdber herca<br \/> &#8211; produkcia, kamera, postprodukcia, color grading<\/p>\n<p>[\/et_pb_text][\/et_pb_column][et_pb_column type=&#8221;1_2&#8243; _builder_version=&#8221;4.16&#8243; global_colors_info=&#8221;{}&#8221;][et_pb_text _builder_version=&#8221;4.16&#8243; global_colors_info=&#8221;{}&#8221;]<\/p>\n<h3>The castle of Queens<\/h3>\n<a class=\"vp-a\" href=\"https:\/\/www.youtube.com\/watch?v=hDJM_mo0mrs\"><img class=\"vp-img\" src=\"https:\/\/altway.eu\/sk\/wp-content\/uploads\/2022\/05\/castle_of_queens.jpg\"><\/a>\n<p><strong>\u010co bolo na\u0161ou \u00falohou na tomto projekte:<\/strong><br \/> &#8211; idea, scen\u00e1r<br \/> &#8211; r\u00e9\u017eia<br \/> &#8211; produkcia, kamera, postprodukcia<\/p>\n<p>[\/et_pb_text][\/et_pb_column][\/et_pb_row][et_pb_row column_structure=&#8221;1_2,1_2&#8243; _builder_version=&#8221;4.16&#8243; global_colors_info=&#8221;{}&#8221;][et_pb_column type=&#8221;1_2&#8243; _builder_version=&#8221;4.16&#8243; global_colors_info=&#8221;{}&#8221;][et_pb_text _builder_version=&#8221;4.16&#8243; global_colors_info=&#8221;{}&#8221;]<\/p>\n<h3>Mafia Corner &#8211; \u010cere\u0161ne<\/h3>\n<a class=\"vp-a\" href=\"https:\/\/www.youtube.com\/watch?v=04a_eM8uIuM\"><img class=\"vp-img\" src=\"https:\/\/altway.eu\/sk\/wp-content\/uploads\/2022\/05\/ceresne.jpg\"><\/a>\n<p><strong>\u010co bolo na\u0161ou \u00falohou na tomto projekte:<\/strong><br \/> &#8211; idea, scen\u00e1r<br \/> &#8211; r\u00e9\u017eia, v\u00fdber hercov, casting<br \/> &#8211; produkcia, kamera, postprodukcia, color grading<\/p>\n<p>[\/et_pb_text][\/et_pb_column][et_pb_column type=&#8221;1_2&#8243; _builder_version=&#8221;4.16&#8243; global_colors_info=&#8221;{}&#8221;][et_pb_text _builder_version=&#8221;4.16&#8243; global_colors_info=&#8221;{}&#8221;]<\/p>\n<h3>Mat\u00fa\u0161ova zem<\/h3>\n<a class=\"vp-a\" href=\"https:\/\/www.youtube.com\/watch?v=nBRoSyPa_GU\"><img class=\"vp-img\" src=\"https:\/\/altway.eu\/sk\/wp-content\/uploads\/2022\/05\/matusova_zem.jpg\"><\/a>\n<p><strong>\u010co bolo na\u0161ou \u00falohou na tomto projekte:<\/strong><br \/>&#8211; idea, scen\u00e1r<br \/>&#8211; r\u00e9\u017eia<br \/>&#8211; kamera, postprodukcia, color grading<\/p>\n<p>[\/et_pb_text][\/et_pb_column][\/et_pb_row][et_pb_row column_structure=&#8221;1_2,1_2&#8243; _builder_version=&#8221;4.16&#8243; global_colors_info=&#8221;{}&#8221;][et_pb_column type=&#8221;1_2&#8243; _builder_version=&#8221;4.16&#8243; global_colors_info=&#8221;{}&#8221;][et_pb_text _builder_version=&#8221;4.16&#8243; global_colors_info=&#8221;{}&#8221;]<\/p>\n<h3>Slovensk\u00fd raj v zime<\/h3>\n<a class=\"vp-a\" href=\"https:\/\/www.youtube.com\/watch?v=3NgSe318lj4\"><img class=\"vp-img\" src=\"https:\/\/altway.eu\/sk\/wp-content\/uploads\/2022\/05\/slovensky_raj_zima.jpg\"><\/a>\n<p><strong>\u010co bolo na\u0161ou \u00falohou na tomto projekte:<\/strong><br \/> &#8211; scen\u00e1r<br \/> &#8211; r\u00e9\u017eia<br \/> &#8211; kamera, postprodukcia<\/p>\n<p>[\/et_pb_text][\/et_pb_column][et_pb_column type=&#8221;1_2&#8243; _builder_version=&#8221;4.16&#8243; global_colors_info=&#8221;{}&#8221;][et_pb_text _builder_version=&#8221;4.16&#8243; global_colors_info=&#8221;{}&#8221;]<\/p>\n<h3>Turkish Airlines &#8211; WORLD GOLF CUP &#8211; KO\u0160ICE<\/h3>\n<a class=\"vp-a\" href=\"https:\/\/www.youtube.com\/watch?v=OZxVWMsmjGU\"><img class=\"vp-img\" src=\"https:\/\/altway.eu\/sk\/wp-content\/uploads\/2022\/05\/turkish_airlines_WGC_KE.jpg\"><\/a>\n<p><strong>\u010co bolo na\u0161ou \u00falohou na tomto projekte:<\/strong><br \/> &#8211; r\u00e9\u017eia<br \/> &#8211; kamera<br \/> &#8211; postprodukcia, color grading<\/p>\n<p>[\/et_pb_text][\/et_pb_column][\/et_pb_row][et_pb_row column_structure=&#8221;1_2,1_2&#8243; _builder_version=&#8221;4.16&#8243; global_colors_info=&#8221;{}&#8221;][et_pb_column type=&#8221;1_2&#8243; _builder_version=&#8221;4.16&#8243; global_colors_info=&#8221;{}&#8221;][et_pb_text _builder_version=&#8221;4.16&#8243; global_colors_info=&#8221;{}&#8221;]<\/p>\n<h3>Mafia Corner &amp; Demex &#8211; Macejko<\/h3>\n<a class=\"vp-a\" href=\"https:\/\/www.youtube.com\/watch?v=8rQbbB7M6oQ\"><img class=\"vp-img\" src=\"https:\/\/altway.eu\/sk\/wp-content\/uploads\/2022\/05\/macejko.jpg\"><\/a>\n<p><strong>\u010co bolo na\u0161ou \u00falohou na tomto projekte:<\/strong><br \/>&#8211; scen\u00e1r<br \/>&#8211; r\u00e9\u017eia<br \/>&#8211; kamera, postprodukcia<\/p>\n<p>[\/et_pb_text][\/et_pb_column][et_pb_column type=&#8221;1_2&#8243; _builder_version=&#8221;4.16&#8243; global_colors_info=&#8221;{}&#8221;][et_pb_text _builder_version=&#8221;4.16&#8243; global_colors_info=&#8221;{}&#8221;]<\/p>\n<h3>FUTURE FLY &#8211; aerial showreel<\/h3>\n<a class=\"vp-a\" href=\"https:\/\/www.youtube.com\/watch?v=Xeh_Xy_f5gk\"><img class=\"vp-img\" src=\"https:\/\/altway.eu\/sk\/wp-content\/uploads\/2022\/05\/futurefly.jpg\"><\/a>\n<p><strong>\u010co bolo na\u0161ou \u00falohou na tomto projekte:<\/strong><br \/> &#8211; idea<br \/> &#8211; scen\u00e1r<br \/> &#8211; postprodukcia<\/p>\n<p>[\/et_pb_text][\/et_pb_column][\/et_pb_row][et_pb_row _builder_version=&#8221;4.16&#8243; background_size=&#8221;initial&#8221; background_position=&#8221;top_left&#8221; background_repeat=&#8221;repeat&#8221; global_colors_info=&#8221;{}&#8221;][et_pb_column type=&#8221;4_4&#8243; _builder_version=&#8221;4.16&#8243; custom_padding=&#8221;|||&#8221; global_colors_info=&#8221;{}&#8221; custom_padding__hover=&#8221;|||&#8221;][et_pb_divider _builder_version=&#8221;4.16&#8243; global_colors_info=&#8221;{}&#8221;][\/et_pb_divider][et_pb_text _builder_version=&#8221;4.16&#8243; global_colors_info=&#8221;{}&#8221;]<\/p>\n<h3 style=\"text-align: center;\"><strong>PRACOVALI SME PRE<br \/>\n<\/strong><\/h3>\n<p>&nbsp;<\/p>\n<p><img loading=\"lazy\" class=\"alignleft size-full wp-image-206\" src=\"https:\/\/altway.eu\/sk\/wp-content\/uploads\/2022\/05\/we_worked_for.png\" alt=\"\" width=\"1849\" height=\"75\" \/><\/p>\n<p>&nbsp;[\/et_pb_text][\/et_pb_column][\/et_pb_row][\/et_pb_section][et_pb_section fb_built=&#8221;1&#8243; _builder_version=&#8221;4.16&#8243; background_image=&#8221;https:\/\/altway.eu\/sk\/wp-content\/uploads\/2018\/06\/sninsky_kamen.jpg&#8221; parallax=&#8221;on&#8221; global_colors_info=&#8221;{}&#8221;][et_pb_row _builder_version=&#8221;4.16&#8243; background_size=&#8221;initial&#8221; background_position=&#8221;top_left&#8221; background_repeat=&#8221;repeat&#8221; global_colors_info=&#8221;{}&#8221;][et_pb_column type=&#8221;4_4&#8243; _builder_version=&#8221;4.16&#8243; custom_padding=&#8221;|||&#8221; global_colors_info=&#8221;{}&#8221; custom_padding__hover=&#8221;|||&#8221;][et_pb_cta title=&#8221;OSTA\u0147ME V SPOJEN\u00cd&#8221; button_url=&#8221;https:\/\/altway.eu\/sk\/kontakt\/&#8221; button_text=&#8221;KONTAKT&#8221; _builder_version=&#8221;4.16&#8243; header_font=&#8221;|800|||||||&#8221; use_background_color=&#8221;off&#8221; custom_button=&#8221;on&#8221; button_font=&#8221;|800|||||||&#8221; header_text_shadow_style=&#8221;preset2&#8243; header_text_shadow_color=&#8221;rgba(0,0,0,0.8)&#8221; button_text_shadow_style=&#8221;preset2&#8243; button_text_shadow_color=&#8221;rgba(0,0,0,0.78)&#8221; text_shadow_style=&#8221;preset2&#8243; text_shadow_color=&#8221;rgba(0,0,0,0.77)&#8221; global_colors_info=&#8221;{}&#8221; button_text_size__hover_enabled=&#8221;off&#8221; button_one_text_size__hover_enabled=&#8221;off&#8221; button_two_text_size__hover_enabled=&#8221;off&#8221; button_text_color__hover_enabled=&#8221;off&#8221; button_one_text_color__hover_enabled=&#8221;off&#8221; button_two_text_color__hover_enabled=&#8221;off&#8221; button_border_width__hover_enabled=&#8221;off&#8221; button_one_border_width__hover_enabled=&#8221;off&#8221; button_two_border_width__hover_enabled=&#8221;off&#8221; button_border_color__hover_enabled=&#8221;off&#8221; button_one_border_color__hover_enabled=&#8221;off&#8221; button_two_border_color__hover_enabled=&#8221;off&#8221; button_border_radius__hover_enabled=&#8221;off&#8221; button_one_border_radius__hover_enabled=&#8221;off&#8221; button_two_border_radius__hover_enabled=&#8221;off&#8221; button_letter_spacing__hover_enabled=&#8221;off&#8221; button_one_letter_spacing__hover_enabled=&#8221;off&#8221; button_two_letter_spacing__hover_enabled=&#8221;off&#8221; button_bg_color__hover_enabled=&#8221;off&#8221; button_one_bg_color__hover_enabled=&#8221;off&#8221; button_two_bg_color__hover_enabled=&#8221;off&#8221;][\/et_pb_cta][\/et_pb_column][\/et_pb_row][\/et_pb_section]<\/p>\n","protected":false},"excerpt":{"rendered":"<p>PREZENT\u00c1CIA NA\u0160ICH PR\u00c1CALTWAY creative team &#8211; REEL <a class=\"vp-a\" href=\"https:\/\/www.youtube.com\/watch?v=gFEB1k9i2fA\"><img class=\"vp-img\" src=\"https:\/\/altway.eu\/sk\/wp-content\/uploads\/2022\/05\/reel.jpg\"><\/a>Krist\u00edna &#8211; Tancuj <a class=\"vp-a\" href=\"https:\/\/www.youtube.com\/watch?v=HFxAdb-bPF0\"><img class=\"vp-img\" src=\"https:\/\/altway.eu\/sk\/wp-content\/uploads\/2023\/10\/kristina_tancuj.jpg\"><\/a> \u010co bolo na\u0161ou \u00falohou na tomto projekte: \u2013 r\u00e9\u017eia \u2013 scen\u00e1r, v\u00fdber lok\u00e1ci\u00ed, v\u00fdzdoba a rekvizity \u2013 produkcia, kamera, postprodukcia, color gradingRednex \u2013 Glad Rags Jug <a class=\"vp-a\" href=\"https:\/\/www.youtube.com\/watch?v=spuLLbG__Ts\"><img class=\"vp-img\" src=\"https:\/\/altway.eu\/sk\/wp-content\/uploads\/2023\/10\/rednex.jpg\"><\/a> \u010co bolo na\u0161ou \u00falohou na tomto projekte: \u2013 r\u00e9\u017eia \u2013 scen\u00e1r, [&hellip;]<\/p>\n","protected":false},"author":1,"featured_media":0,"parent":0,"menu_order":0,"comment_status":"closed","ping_status":"closed","template":"","meta":{"_et_pb_use_builder":"on","_et_pb_old_content":"","_et_gb_content_width":""},"_links":{"self":[{"href":"https:\/\/altway.eu\/sk\/wp-json\/wp\/v2\/pages\/16"}],"collection":[{"href":"https:\/\/altway.eu\/sk\/wp-json\/wp\/v2\/pages"}],"about":[{"href":"https:\/\/altway.eu\/sk\/wp-json\/wp\/v2\/types\/page"}],"author":[{"embeddable":true,"href":"https:\/\/altway.eu\/sk\/wp-json\/wp\/v2\/users\/1"}],"replies":[{"embeddable":true,"href":"https:\/\/altway.eu\/sk\/wp-json\/wp\/v2\/comments?post=16"}],"version-history":[{"count":5,"href":"https:\/\/altway.eu\/sk\/wp-json\/wp\/v2\/pages\/16\/revisions"}],"predecessor-version":[{"id":121,"href":"https:\/\/altway.eu\/sk\/wp-json\/wp\/v2\/pages\/16\/revisions\/121"}],"wp:attachment":[{"href":"https:\/\/altway.eu\/sk\/wp-json\/wp\/v2\/media?parent=16"}],"curies":[{"name":"wp","href":"https:\/\/api.w.org\/{rel}","templated":true}]}}