{"id":14,"date":"2018-06-06T19:02:20","date_gmt":"2018-06-06T19:02:20","guid":{"rendered":"http:\/\/altway.eu\/sk\/?page_id=14"},"modified":"2018-06-07T05:45:38","modified_gmt":"2018-06-07T05:45:38","slug":"sluzby","status":"publish","type":"page","link":"https:\/\/altway.eu\/sk\/sluzby\/","title":{"rendered":"SLU\u017dBY"},"content":{"rendered":"<p>[et_pb_section bb_built=&#8221;1&#8243; next_background_color=&#8221;#000000&#8243;][et_pb_row][et_pb_column type=&#8221;1_2&#8243;][et_pb_text _builder_version=&#8221;3.5.1&#8243;]<\/p>\n<div class=\"et_pb_text_inner\">\n<h3>FILMOV\u00c1 A VIDEO PRODUKCIA<\/h3>\n<ul>\n<li>Kreat\u00edvne video kampane<\/li>\n<li>Destina\u010dno-marketingov\u00e9 vide\u00e1 &amp; In\u0161pirat\u00edvne cestovate\u013esk\u00e9 filmy<\/li>\n<li>Firemn\u00e9 prezent\u00e1cie<\/li>\n<li>Kr\u00e1tkometr\u00e1\u017ene filmy<\/li>\n<li>Reklamn\u00e9 vide\u00e1<\/li>\n<li>Hudobn\u00e9 videoklipy<\/li>\n<li>Dokument\u00e1rne vide\u00e1<\/li>\n<li>Eventov\u00e9 vide\u00e1<\/li>\n<li>Leteck\u00e9 z\u00e1bery<\/li>\n<\/ul>\n<\/div>\n<p>[\/et_pb_text][\/et_pb_column][et_pb_column type=&#8221;1_2&#8243;][et_pb_text _builder_version=&#8221;3.5.1&#8243;]<\/p>\n<div class=\"et_pb_text_inner\">\n<h3>FOTOGRAFICK\u00c9 PR\u00c1CE<\/h3>\n<ul>\n<li>Destina\u010dno-marketingov\u00e9 fotografie<\/li>\n<li>Eventov\u00e9 fotografie<\/li>\n<li>Leteck\u00e9 fotografie<\/li>\n<li>Reklamn\u00e9 fotografie<\/li>\n<li>Produktov\u00e9 fotografie<\/li>\n<li>Portr\u00e9tne fotografie<\/li>\n<li>Umeleck\u00e9 fotografie<\/li>\n<\/ul>\n<\/div>\n<p>[\/et_pb_text][\/et_pb_column][\/et_pb_row][\/et_pb_section][et_pb_section bb_built=&#8221;1&#8243; specialty=&#8221;off&#8221; _builder_version=&#8221;3.5.1&#8243; parallax=&#8221;on&#8221; prev_background_color=&#8221;#ffffff&#8221; background_image=&#8221;http:\/\/altway.eu\/sk\/wp-content\/uploads\/2018\/06\/dedinky.jpg&#8221;][et_pb_row _builder_version=&#8221;3.5.1&#8243; parallax_1=&#8221;on&#8221;][et_pb_column type=&#8221;1_2&#8243;][et_pb_cta _builder_version=&#8221;3.5.1&#8243; title=&#8221;OBJAVTE NA\u0160U PR\u00c1CU&#8221; button_text=&#8221;POZRIE\u0164 PORTF\u00d3LIO&#8221; button_url=&#8221;http:\/\/altway.eu\/sk\/index.php\/portfolio\/&#8221; use_background_color=&#8221;off&#8221; text_shadow_style=&#8221;preset2&#8243; text_shadow_color=&#8221;rgba(0,0,0,0.76)&#8221; header_font=&#8221;|800|||||||&#8221; custom_button=&#8221;on&#8221; button_font=&#8221;|800|||||||&#8221; button_text_shadow_style=&#8221;preset2&#8243; button_text_shadow_color=&#8221;rgba(0,0,0,0.76)&#8221; header_text_shadow_style=&#8221;preset2&#8243; header_text_shadow_color=&#8221;rgba(0,0,0,0.71)&#8221; \/][\/et_pb_column][et_pb_column type=&#8221;1_2&#8243;][et_pb_cta _builder_version=&#8221;3.5.1&#8243; title=&#8221;OSTA\u0147ME V SPOJEN\u00cd&#8221; button_text=&#8221;KONTAKT&#8221; button_url=&#8221;http:\/\/altway.eu\/sk\/kontakt\/&#8221; use_background_color=&#8221;off&#8221; text_shadow_style=&#8221;preset2&#8243; text_shadow_color=&#8221;rgba(0,0,0,0.77)&#8221; header_font=&#8221;|800|||||||&#8221; custom_button=&#8221;on&#8221; button_font=&#8221;|800|||||||&#8221; button_text_shadow_style=&#8221;preset2&#8243; button_text_shadow_color=&#8221;rgba(0,0,0,0.78)&#8221; header_text_shadow_style=&#8221;preset2&#8243; header_text_shadow_color=&#8221;rgba(0,0,0,0.8)&#8221; \/][\/et_pb_column][\/et_pb_row][\/et_pb_section]<\/p>\n","protected":false},"excerpt":{"rendered":"<p><div class=\"et_pb_row et_pb_row_0 et_pb_row_empty\">\n\t\t\t\t\n\t\t\t\t\n\t\t\t\t\n\t\t\t\t\n\t\t\t\t\n\t\t\t<\/div> FILMOV\u00c1 A VIDEO PRODUKCIA Kreat\u00edvne video kampane Destina\u010dno-marketingov\u00e9 vide\u00e1 &amp; In\u0161pirat\u00edvne cestovate\u013esk\u00e9 filmy Firemn\u00e9 prezent\u00e1cie Kr\u00e1tkometr\u00e1\u017ene filmy Reklamn\u00e9 vide\u00e1 Hudobn\u00e9 videoklipy Dokument\u00e1rne vide\u00e1 Eventov\u00e9 vide\u00e1 Leteck\u00e9 z\u00e1bery FOTOGRAFICK\u00c9 PR\u00c1CE Destina\u010dno-marketingov\u00e9 fotografie Eventov\u00e9 fotografie Leteck\u00e9 fotografie Reklamn\u00e9 fotografie Produktov\u00e9 fotografie Portr\u00e9tne fotografie Umeleck\u00e9 fotografie<\/p>\n","protected":false},"author":1,"featured_media":0,"parent":0,"menu_order":0,"comment_status":"closed","ping_status":"closed","template":"","meta":{"_et_pb_use_builder":"on","_et_pb_old_content":"","_et_gb_content_width":""},"_links":{"self":[{"href":"https:\/\/altway.eu\/sk\/wp-json\/wp\/v2\/pages\/14"}],"collection":[{"href":"https:\/\/altway.eu\/sk\/wp-json\/wp\/v2\/pages"}],"about":[{"href":"https:\/\/altway.eu\/sk\/wp-json\/wp\/v2\/types\/page"}],"author":[{"embeddable":true,"href":"https:\/\/altway.eu\/sk\/wp-json\/wp\/v2\/users\/1"}],"replies":[{"embeddable":true,"href":"https:\/\/altway.eu\/sk\/wp-json\/wp\/v2\/comments?post=14"}],"version-history":[{"count":7,"href":"https:\/\/altway.eu\/sk\/wp-json\/wp\/v2\/pages\/14\/revisions"}],"predecessor-version":[{"id":76,"href":"https:\/\/altway.eu\/sk\/wp-json\/wp\/v2\/pages\/14\/revisions\/76"}],"wp:attachment":[{"href":"https:\/\/altway.eu\/sk\/wp-json\/wp\/v2\/media?parent=14"}],"curies":[{"name":"wp","href":"https:\/\/api.w.org\/{rel}","templated":true}]}}