{"id":11,"date":"2018-06-06T18:56:06","date_gmt":"2018-06-06T18:56:06","guid":{"rendered":"http:\/\/altway.eu\/hu\/?page_id=11"},"modified":"2022-05-27T10:34:13","modified_gmt":"2022-05-27T10:34:13","slug":"cimlap","status":"publish","type":"page","link":"https:\/\/altway.eu\/hu\/","title":{"rendered":"KEZD\u0150LAP"},"content":{"rendered":"<p>[et_pb_section fb_built=&#8221;1&#8243; fullwidth=&#8221;on&#8221; _builder_version=&#8221;3.22&#8243; border_width_all=&#8221;1px&#8221; border_color_all=&#8221;#000000&#8243;][et_pb_fullwidth_image src=&#8221;https:\/\/altway.eu\/hu\/wp-content\/uploads\/2019\/02\/bg.png&#8221; _builder_version=&#8221;3.6&#8243; background_video_mp4=&#8221;https:\/\/altway.eu\/hu\/wp-content\/uploads\/2019\/02\/ALTWAY_reel_www1.mp4&#8243;][\/et_pb_fullwidth_image][\/et_pb_section][et_pb_section fb_built=&#8221;1&#8243; _builder_version=&#8221;3.22&#8243;][et_pb_row _builder_version=&#8221;3.25&#8243; background_size=&#8221;initial&#8221; background_position=&#8221;top_left&#8221; background_repeat=&#8221;repeat&#8221; column_structure=&#8221;1_3,1_3,1_3&#8243;][et_pb_column type=&#8221;1_3&#8243; _builder_version=&#8221;3.25&#8243; custom_padding=&#8221;|||&#8221; custom_padding__hover=&#8221;|||&#8221;][et_pb_text _builder_version=&#8221;3.27.4&#8243;]<\/p>\n<h3><strong>ALTWAY &#8211; KREAT\u00cdV CSAPAT<br \/>\n<\/strong><\/h3>\n<p>Az egyedi munk\u00e1k, a val\u00f3di alkot\u00e1s v\u00e1gya hozta \u00f6ssze csapatunkat, a sz\u00f6vets\u00e9get, melyben f\u00fcggetlen m\u0171v\u00e9szek m\u0171k\u00f6dnek egy\u00fctt.<br \/>\n[\/et_pb_text][\/et_pb_column][et_pb_column type=&#8221;1_3&#8243; _builder_version=&#8221;3.25&#8243; custom_padding=&#8221;|||&#8221; custom_padding__hover=&#8221;|||&#8221;][et_pb_text _builder_version=&#8221;3.27.4&#8243;]<\/p>\n<h3><strong>ALTWAY &#8211; C\u00c9G<\/strong><\/h3>\n<p>Az ALTWAY csapata sz\u00e1mos ter\u00fcleten ny\u00fajt professzion\u00e1lis sz\u00ednvonal\u00fa szolg\u00e1ltat\u00e1st \u00fcgyfelei sz\u00e1m\u00e1ra, legyen az film gy\u00e1rt\u00e1s, rekl\u00e1m&amp;marketing \u00e9s fot\u00f3z\u00e1s.<br \/>\n[\/et_pb_text][\/et_pb_column][et_pb_column type=&#8221;1_3&#8243; _builder_version=&#8221;3.25&#8243; custom_padding=&#8221;|||&#8221; custom_padding__hover=&#8221;|||&#8221;][et_pb_text _builder_version=&#8221;3.27.4&#8243;]<\/p>\n<h3><strong>EGYSZER\u0170S\u00c9G \u00c9S ELEGANCIA<br \/>\n<\/strong><\/h3>\n<p>A kevesebb n\u00e9ha t\u00f6bb. Ezt k\u00f6vetj\u00fck \u00e9s szeretj\u00fck a j\u00f3l \u00e1tgondolt \u00e9s hat\u00e9kony megold\u00e1sokat.<br \/>\n[\/et_pb_text][\/et_pb_column][\/et_pb_row][et_pb_row _builder_version=&#8221;3.25&#8243; background_size=&#8221;initial&#8221; background_position=&#8221;top_left&#8221; background_repeat=&#8221;repeat&#8221;][et_pb_column type=&#8221;4_4&#8243; _builder_version=&#8221;3.25&#8243; custom_padding=&#8221;|||&#8221; custom_padding__hover=&#8221;|||&#8221;][et_pb_divider _builder_version=&#8221;3.5.1&#8243;][\/et_pb_divider][et_pb_text _builder_version=&#8221;4.4.8&#8243; hover_enabled=&#8221;0&#8243;]<\/p>\n<h3 style=\"text-align: center;\"><strong>MEGRENDEL\u0150INK<br \/>\n<\/strong><\/h3>\n<p>&nbsp;<\/p>\n<p style=\"text-align: center;\"><img loading=\"lazy\" decoding=\"async\" class=\"alignleft size-full wp-image-206\" src=\"https:\/\/altway.eu\/hu\/wp-content\/uploads\/2022\/05\/we_worked_for.png\" alt=\"\" width=\"1849\" height=\"75\" \/><\/p>\n<p>&nbsp;[\/et_pb_text][\/et_pb_column][\/et_pb_row][\/et_pb_section][et_pb_section fb_built=&#8221;1&#8243; _builder_version=&#8221;3.22&#8243; background_image=&#8221;https:\/\/altway.eu\/hu\/wp-content\/uploads\/2018\/06\/kosice.jpg&#8221; parallax=&#8221;on&#8221;][et_pb_row _builder_version=&#8221;3.25&#8243; background_size=&#8221;initial&#8221; background_position=&#8221;top_left&#8221; background_repeat=&#8221;repeat&#8221; column_structure=&#8221;1_2,1_2&#8243;][et_pb_column type=&#8221;1_2&#8243; _builder_version=&#8221;3.25&#8243; custom_padding=&#8221;|||&#8221; custom_padding__hover=&#8221;|||&#8221;][et_pb_cta title=&#8221;N\u00c9ZD MEG MUNK\u00c1INKAT&#8221; button_url=&#8221;https:\/\/altway.eu\/hu\/munkaink\/&#8221; button_text=&#8221;PORTF\u00d3LI\u00d3&#8221; _builder_version=&#8221;3.16&#8243; header_font=&#8221;|800|||||||&#8221; use_background_color=&#8221;off&#8221; parallax=&#8221;on&#8221; custom_button=&#8221;on&#8221; button_font=&#8221;|800|||||||&#8221; header_text_shadow_style=&#8221;preset2&#8243; header_text_shadow_color=&#8221;rgba(0,0,0,0.79)&#8221; button_text_shadow_style=&#8221;preset2&#8243; button_text_shadow_color=&#8221;rgba(0,0,0,0.7)&#8221; text_shadow_style=&#8221;preset2&#8243; text_shadow_color=&#8221;rgba(0,0,0,0.77)&#8221; button_text_size__hover_enabled=&#8221;off&#8221; button_one_text_size__hover_enabled=&#8221;off&#8221; button_two_text_size__hover_enabled=&#8221;off&#8221; button_text_color__hover_enabled=&#8221;off&#8221; button_one_text_color__hover_enabled=&#8221;off&#8221; button_two_text_color__hover_enabled=&#8221;off&#8221; button_border_width__hover_enabled=&#8221;off&#8221; button_one_border_width__hover_enabled=&#8221;off&#8221; button_two_border_width__hover_enabled=&#8221;off&#8221; button_border_color__hover_enabled=&#8221;off&#8221; button_one_border_color__hover_enabled=&#8221;off&#8221; button_two_border_color__hover_enabled=&#8221;off&#8221; button_border_radius__hover_enabled=&#8221;off&#8221; button_one_border_radius__hover_enabled=&#8221;off&#8221; button_two_border_radius__hover_enabled=&#8221;off&#8221; button_letter_spacing__hover_enabled=&#8221;off&#8221; button_one_letter_spacing__hover_enabled=&#8221;off&#8221; button_two_letter_spacing__hover_enabled=&#8221;off&#8221; button_bg_color__hover_enabled=&#8221;off&#8221; button_one_bg_color__hover_enabled=&#8221;off&#8221; button_two_bg_color__hover_enabled=&#8221;off&#8221;][\/et_pb_cta][\/et_pb_column][et_pb_column type=&#8221;1_2&#8243; _builder_version=&#8221;3.25&#8243; custom_padding=&#8221;|||&#8221; custom_padding__hover=&#8221;|||&#8221;][et_pb_cta title=&#8221;L\u00c9PJ KAPCSOLATBA VEL\u00dcNK!&#8221; button_url=&#8221;https:\/\/altway.eu\/hu\/kapcsolat\/&#8221; button_text=&#8221;EL\u00c9RHET\u0150S\u00c9GEINK&#8221; _builder_version=&#8221;3.16&#8243; header_font=&#8221;|800|||||||&#8221; use_background_color=&#8221;off&#8221; parallax=&#8221;on&#8221; custom_button=&#8221;on&#8221; button_font=&#8221;|800|||||||&#8221; header_text_shadow_style=&#8221;preset2&#8243; header_text_shadow_color=&#8221;rgba(0,0,0,0.79)&#8221; button_text_shadow_style=&#8221;preset2&#8243; button_text_shadow_color=&#8221;rgba(0,0,0,0.7)&#8221; text_shadow_style=&#8221;preset2&#8243; text_shadow_color=&#8221;rgba(0,0,0,0.77)&#8221; button_text_size__hover_enabled=&#8221;off&#8221; button_one_text_size__hover_enabled=&#8221;off&#8221; button_two_text_size__hover_enabled=&#8221;off&#8221; button_text_color__hover_enabled=&#8221;off&#8221; button_one_text_color__hover_enabled=&#8221;off&#8221; button_two_text_color__hover_enabled=&#8221;off&#8221; button_border_width__hover_enabled=&#8221;off&#8221; button_one_border_width__hover_enabled=&#8221;off&#8221; button_two_border_width__hover_enabled=&#8221;off&#8221; button_border_color__hover_enabled=&#8221;off&#8221; button_one_border_color__hover_enabled=&#8221;off&#8221; button_two_border_color__hover_enabled=&#8221;off&#8221; button_border_radius__hover_enabled=&#8221;off&#8221; button_one_border_radius__hover_enabled=&#8221;off&#8221; button_two_border_radius__hover_enabled=&#8221;off&#8221; button_letter_spacing__hover_enabled=&#8221;off&#8221; button_one_letter_spacing__hover_enabled=&#8221;off&#8221; button_two_letter_spacing__hover_enabled=&#8221;off&#8221; button_bg_color__hover_enabled=&#8221;off&#8221; button_one_bg_color__hover_enabled=&#8221;off&#8221; button_two_bg_color__hover_enabled=&#8221;off&#8221;][\/et_pb_cta][\/et_pb_column][\/et_pb_row][\/et_pb_section]<\/p>\n","protected":false},"excerpt":{"rendered":"<p>ALTWAY &#8211; KREAT\u00cdV CSAPAT Az egyedi munk\u00e1k, a val\u00f3di alkot\u00e1s v\u00e1gya hozta \u00f6ssze csapatunkat, a sz\u00f6vets\u00e9get, melyben f\u00fcggetlen m\u0171v\u00e9szek m\u0171k\u00f6dnek egy\u00fctt. ALTWAY &#8211; C\u00c9G Az ALTWAY csapata sz\u00e1mos ter\u00fcleten ny\u00fajt professzion\u00e1lis sz\u00ednvonal\u00fa szolg\u00e1ltat\u00e1st \u00fcgyfelei sz\u00e1m\u00e1ra, legyen az film gy\u00e1rt\u00e1s, rekl\u00e1m&amp;marketing \u00e9s fot\u00f3z\u00e1s. EGYSZER\u0170S\u00c9G \u00c9S ELEGANCIA A kevesebb n\u00e9ha t\u00f6bb. Ezt k\u00f6vetj\u00fck \u00e9s szeretj\u00fck a j\u00f3l [&hellip;]<\/p>\n","protected":false},"author":1,"featured_media":0,"parent":0,"menu_order":0,"comment_status":"closed","ping_status":"closed","template":"","meta":{"_et_pb_use_builder":"on","_et_pb_old_content":"","_et_gb_content_width":"","footnotes":""},"_links":{"self":[{"href":"https:\/\/altway.eu\/hu\/wp-json\/wp\/v2\/pages\/11"}],"collection":[{"href":"https:\/\/altway.eu\/hu\/wp-json\/wp\/v2\/pages"}],"about":[{"href":"https:\/\/altway.eu\/hu\/wp-json\/wp\/v2\/types\/page"}],"author":[{"embeddable":true,"href":"https:\/\/altway.eu\/hu\/wp-json\/wp\/v2\/users\/1"}],"replies":[{"embeddable":true,"href":"https:\/\/altway.eu\/hu\/wp-json\/wp\/v2\/comments?post=11"}],"version-history":[{"count":5,"href":"https:\/\/altway.eu\/hu\/wp-json\/wp\/v2\/pages\/11\/revisions"}],"predecessor-version":[{"id":97,"href":"https:\/\/altway.eu\/hu\/wp-json\/wp\/v2\/pages\/11\/revisions\/97"}],"wp:attachment":[{"href":"https:\/\/altway.eu\/hu\/wp-json\/wp\/v2\/media?parent=11"}],"curies":[{"name":"wp","href":"https:\/\/api.w.org\/{rel}","templated":true}]}}